{"id":1548,"date":"2022-12-15T09:34:34","date_gmt":"2022-12-15T08:34:34","guid":{"rendered":"https:\/\/ceramin.de\/?page_id=1548"},"modified":"2023-03-27T09:59:25","modified_gmt":"2023-03-27T07:59:25","slug":"thanks-form-2","status":"publish","type":"page","link":"https:\/\/ceramin.de\/en\/contact-2\/thanks-form-2\/","title":{"rendered":"Danke Formular"},"content":{"rendered":"<div data-elementor-type=\"wp-page\" data-elementor-id=\"1548\" class=\"elementor elementor-1548\" data-elementor-post-type=\"page\">\n\t\t\t\t\t\t<section class=\"elementor-section elementor-top-section elementor-element elementor-element-a0d456d elementor-section-boxed elementor-section-height-default elementor-section-height-default wpr-particle-no wpr-jarallax-no wpr-parallax-no wpr-sticky-section-no\" data-id=\"a0d456d\" data-element_type=\"section\">\n\t\t\t\t\t\t<div class=\"elementor-container elementor-column-gap-default\">\n\t\t\t\t\t<div class=\"elementor-column elementor-col-100 elementor-top-column elementor-element elementor-element-8098fe9\" data-id=\"8098fe9\" data-element_type=\"column\">\n\t\t\t<div class=\"elementor-widget-wrap elementor-element-populated\">\n\t\t\t\t\t\t<div class=\"elementor-element elementor-element-047ef07 elementor-widget elementor-widget-heading\" data-id=\"047ef07\" data-element_type=\"widget\" data-widget_type=\"heading.default\">\n\t\t\t\t<div class=\"elementor-widget-container\">\n\t\t\t\t\t<h2 class=\"elementor-heading-title elementor-size-default\">Thanks for your request!\u00a0<\/h2>\t\t\t\t<\/div>\n\t\t\t\t<\/div>\n\t\t\t\t<div class=\"elementor-element elementor-element-0e07cb9 elementor-widget elementor-widget-text-editor\" data-id=\"0e07cb9\" data-element_type=\"widget\" data-widget_type=\"text-editor.default\">\n\t\t\t\t<div class=\"elementor-widget-container\">\n\t\t\t\t\t\t\t\t\t<p>A team member will be in touch with you shortly.<\/p>\t\t\t\t\t\t\t\t<\/div>\n\t\t\t\t<\/div>\n\t\t\t\t<div class=\"elementor-element elementor-element-8691805 elementor-align-center elementor-widget elementor-widget-button\" data-id=\"8691805\" data-element_type=\"widget\" data-widget_type=\"button.default\">\n\t\t\t\t<div class=\"elementor-widget-container\">\n\t\t\t\t\t\t\t\t\t<div class=\"elementor-button-wrapper\">\n\t\t\t\t\t<a class=\"elementor-button elementor-button-link elementor-size-sm\" href=\"https:\/\/ceramin.de\/en\/\">\n\t\t\t\t\t\t<span class=\"elementor-button-content-wrapper\">\n\t\t\t\t\t\t\t\t\t<span class=\"elementor-button-text\">Back to home page<\/span>\n\t\t\t\t\t<\/span>\n\t\t\t\t\t<\/a>\n\t\t\t\t<\/div>\n\t\t\t\t\t\t\t\t<\/div>\n\t\t\t\t<\/div>\n\t\t\t\t\t<\/div>\n\t\t<\/div>\n\t\t\t\t\t<\/div>\n\t\t<\/section>\n\t\t\t\t<\/div>","protected":false},"excerpt":{"rendered":"<p>Vielen Dank f\u00fcr Ihre Anfrage!\u00a0 Ein Teammitglied wird sich in K\u00fcrze bei Ihnen melden. Zur\u00fcck zur Startseite Interessiert an CERAMIN Tiles? Finden Sie einfach und schnell einen CERAMIN Tiles-Partner in Ihrer N\u00e4he und lassen Sie sich Vorort beraten. Jetzt H\u00e4ndler in der N\u00e4he finden!<\/p>","protected":false},"author":2,"featured_media":0,"parent":415,"menu_order":0,"comment_status":"closed","ping_status":"closed","template":"elementor_header_footer","meta":{"_acf_changed":false,"content-type":"","footnotes":""},"class_list":["post-1548","page","type-page","status-publish","hentry"],"acf":[],"yoast_head":"<!-- This site is optimized with the Yoast SEO Premium plugin v26.5 (Yoast SEO v26.5) - https:\/\/yoast.com\/wordpress\/plugins\/seo\/ -->\n<title>Danke Formular - CERAMIN<\/title>\n<meta name=\"robots\" content=\"index, follow, max-snippet:-1, max-image-preview:large, max-video-preview:-1\" \/>\n<link rel=\"canonical\" href=\"https:\/\/ceramin.de\/en\/contact-2\/thanks-form-2\/\" \/>\n<meta property=\"og:locale\" content=\"en_GB\" \/>\n<meta property=\"og:type\" content=\"article\" \/>\n<meta property=\"og:title\" content=\"Danke Formular\" \/>\n<meta property=\"og:description\" content=\"Vielen Dank f\u00fcr Ihre Anfrage!\u00a0 Ein Teammitglied wird sich in K\u00fcrze bei Ihnen melden. Zur\u00fcck zur Startseite Interessiert an CERAMIN Tiles? Finden Sie einfach und schnell einen CERAMIN Tiles-Partner in Ihrer N\u00e4he und lassen Sie sich Vorort beraten. Jetzt H\u00e4ndler in der N\u00e4he finden!\" \/>\n<meta property=\"og:url\" content=\"https:\/\/ceramin.de\/en\/contact-2\/thanks-form-2\/\" \/>\n<meta property=\"og:site_name\" content=\"CERAMIN\" \/>\n<meta property=\"article:modified_time\" content=\"2023-03-27T07:59:25+00:00\" \/>\n<meta name=\"twitter:card\" content=\"summary_large_image\" \/>\n<meta name=\"twitter:label1\" content=\"Estimated reading time\" \/>\n\t<meta name=\"twitter:data1\" content=\"1 minute\" \/>\n<script type=\"application\/ld+json\" class=\"yoast-schema-graph\">{\"@context\":\"https:\/\/schema.org\",\"@graph\":[{\"@type\":\"WebPage\",\"@id\":\"https:\/\/ceramin.de\/kontakt\/danke-formular\/\",\"url\":\"https:\/\/ceramin.de\/kontakt\/danke-formular\/\",\"name\":\"Danke Formular - CERAMIN\",\"isPartOf\":{\"@id\":\"https:\/\/ceramin.de\/#website\"},\"datePublished\":\"2022-12-15T08:34:34+00:00\",\"dateModified\":\"2023-03-27T07:59:25+00:00\",\"breadcrumb\":{\"@id\":\"https:\/\/ceramin.de\/kontakt\/danke-formular\/#breadcrumb\"},\"inLanguage\":\"en-GB\",\"potentialAction\":[{\"@type\":\"ReadAction\",\"target\":[\"https:\/\/ceramin.de\/kontakt\/danke-formular\/\"]}]},{\"@type\":\"BreadcrumbList\",\"@id\":\"https:\/\/ceramin.de\/kontakt\/danke-formular\/#breadcrumb\",\"itemListElement\":[{\"@type\":\"ListItem\",\"position\":1,\"name\":\"Home\",\"item\":\"https:\/\/ceramin.de\/\"},{\"@type\":\"ListItem\",\"position\":2,\"name\":\"Kontakt\",\"item\":\"https:\/\/ceramin.de\/kontakt\/\"},{\"@type\":\"ListItem\",\"position\":3,\"name\":\"Danke Formular\"}]},{\"@type\":\"WebSite\",\"@id\":\"https:\/\/ceramin.de\/#website\",\"url\":\"https:\/\/ceramin.de\/\",\"name\":\"CERAMIN\",\"description\":\"PVC-freie Wand- und Bodenbel\u00e4ge\",\"publisher\":{\"@id\":\"https:\/\/ceramin.de\/#organization\"},\"potentialAction\":[{\"@type\":\"SearchAction\",\"target\":{\"@type\":\"EntryPoint\",\"urlTemplate\":\"https:\/\/ceramin.de\/?s={search_term_string}\"},\"query-input\":{\"@type\":\"PropertyValueSpecification\",\"valueRequired\":true,\"valueName\":\"search_term_string\"}}],\"inLanguage\":\"en-GB\"},{\"@type\":\"Organization\",\"@id\":\"https:\/\/ceramin.de\/#organization\",\"name\":\"CERAMIN\",\"url\":\"https:\/\/ceramin.de\/\",\"logo\":{\"@type\":\"ImageObject\",\"inLanguage\":\"en-GB\",\"@id\":\"https:\/\/ceramin.de\/#\/schema\/logo\/image\/\",\"url\":\"https:\/\/ceramin.de\/wp-content\/uploads\/cropped-cropped-cropped-cropped-CERAMIN-Wortmarke_2022_Zeichenfla\u0308che-1-1024x245-1.png\",\"contentUrl\":\"https:\/\/ceramin.de\/wp-content\/uploads\/cropped-cropped-cropped-cropped-CERAMIN-Wortmarke_2022_Zeichenfla\u0308che-1-1024x245-1.png\",\"width\":1024,\"height\":245,\"caption\":\"CERAMIN\"},\"image\":{\"@id\":\"https:\/\/ceramin.de\/#\/schema\/logo\/image\/\"}}]}<\/script>\n<!-- \/ Yoast SEO Premium plugin. -->","yoast_head_json":{"title":"Thanks Form - CERAMIN","robots":{"index":"index","follow":"follow","max-snippet":"max-snippet:-1","max-image-preview":"max-image-preview:large","max-video-preview":"max-video-preview:-1"},"canonical":"https:\/\/ceramin.de\/en\/contact-2\/thanks-form-2\/","og_locale":"en_GB","og_type":"article","og_title":"Danke Formular","og_description":"Vielen Dank f\u00fcr Ihre Anfrage!\u00a0 Ein Teammitglied wird sich in K\u00fcrze bei Ihnen melden. Zur\u00fcck zur Startseite Interessiert an CERAMIN Tiles? Finden Sie einfach und schnell einen CERAMIN Tiles-Partner in Ihrer N\u00e4he und lassen Sie sich Vorort beraten. Jetzt H\u00e4ndler in der N\u00e4he finden!","og_url":"https:\/\/ceramin.de\/en\/contact-2\/thanks-form-2\/","og_site_name":"CERAMIN","article_modified_time":"2023-03-27T07:59:25+00:00","twitter_card":"summary_large_image","twitter_misc":{"Estimated reading time":"1 minute"},"schema":{"@context":"https:\/\/schema.org","@graph":[{"@type":"WebPage","@id":"https:\/\/ceramin.de\/kontakt\/danke-formular\/","url":"https:\/\/ceramin.de\/kontakt\/danke-formular\/","name":"Thanks Form - CERAMIN","isPartOf":{"@id":"https:\/\/ceramin.de\/#website"},"datePublished":"2022-12-15T08:34:34+00:00","dateModified":"2023-03-27T07:59:25+00:00","breadcrumb":{"@id":"https:\/\/ceramin.de\/kontakt\/danke-formular\/#breadcrumb"},"inLanguage":"en-GB","potentialAction":[{"@type":"ReadAction","target":["https:\/\/ceramin.de\/kontakt\/danke-formular\/"]}]},{"@type":"BreadcrumbList","@id":"https:\/\/ceramin.de\/kontakt\/danke-formular\/#breadcrumb","itemListElement":[{"@type":"ListItem","position":1,"name":"Home","item":"https:\/\/ceramin.de\/"},{"@type":"ListItem","position":2,"name":"Kontakt","item":"https:\/\/ceramin.de\/kontakt\/"},{"@type":"ListItem","position":3,"name":"Danke Formular"}]},{"@type":"WebSite","@id":"https:\/\/ceramin.de\/#website","url":"https:\/\/ceramin.de\/","name":"CERAMIN","description":"PVC-freie Wand- und Bodenbel\u00e4ge","publisher":{"@id":"https:\/\/ceramin.de\/#organization"},"potentialAction":[{"@type":"SearchAction","target":{"@type":"EntryPoint","urlTemplate":"https:\/\/ceramin.de\/?s={search_term_string}"},"query-input":{"@type":"PropertyValueSpecification","valueRequired":true,"valueName":"search_term_string"}}],"inLanguage":"en-GB"},{"@type":"Organization","@id":"https:\/\/ceramin.de\/#organization","name":"CERAMIN","url":"https:\/\/ceramin.de\/","logo":{"@type":"ImageObject","inLanguage":"en-GB","@id":"https:\/\/ceramin.de\/#\/schema\/logo\/image\/","url":"https:\/\/ceramin.de\/wp-content\/uploads\/cropped-cropped-cropped-cropped-CERAMIN-Wortmarke_2022_Zeichenfla\u0308che-1-1024x245-1.png","contentUrl":"https:\/\/ceramin.de\/wp-content\/uploads\/cropped-cropped-cropped-cropped-CERAMIN-Wortmarke_2022_Zeichenfla\u0308che-1-1024x245-1.png","width":1024,"height":245,"caption":"CERAMIN"},"image":{"@id":"https:\/\/ceramin.de\/#\/schema\/logo\/image\/"}}]}},"_links":{"self":[{"href":"https:\/\/ceramin.de\/en\/wp-json\/wp\/v2\/pages\/1548","targetHints":{"allow":["GET"]}}],"collection":[{"href":"https:\/\/ceramin.de\/en\/wp-json\/wp\/v2\/pages"}],"about":[{"href":"https:\/\/ceramin.de\/en\/wp-json\/wp\/v2\/types\/page"}],"author":[{"embeddable":true,"href":"https:\/\/ceramin.de\/en\/wp-json\/wp\/v2\/users\/2"}],"replies":[{"embeddable":true,"href":"https:\/\/ceramin.de\/en\/wp-json\/wp\/v2\/comments?post=1548"}],"version-history":[{"count":9,"href":"https:\/\/ceramin.de\/en\/wp-json\/wp\/v2\/pages\/1548\/revisions"}],"predecessor-version":[{"id":3103,"href":"https:\/\/ceramin.de\/en\/wp-json\/wp\/v2\/pages\/1548\/revisions\/3103"}],"up":[{"embeddable":true,"href":"https:\/\/ceramin.de\/en\/wp-json\/wp\/v2\/pages\/415"}],"wp:attachment":[{"href":"https:\/\/ceramin.de\/en\/wp-json\/wp\/v2\/media?parent=1548"}],"curies":[{"name":"wp","href":"https:\/\/api.w.org\/{rel}","templated":true}]}}