{"id":86,"date":"2022-07-27T13:33:17","date_gmt":"2022-07-27T11:33:17","guid":{"rendered":"https:\/\/ceramin.de\/?page_id=86"},"modified":"2025-11-07T12:24:16","modified_gmt":"2025-11-07T11:24:16","slug":"segmenty-2","status":"publish","type":"page","link":"https:\/\/ceramin.de\/pl\/segmenty-2\/","title":{"rendered":"Obszar zastosowania"},"content":{"rendered":"<div data-elementor-type=\"wp-page\" data-elementor-id=\"86\" class=\"elementor elementor-86\" data-elementor-post-type=\"page\">\n\t\t\t\t\t\t<section class=\"elementor-section elementor-top-section elementor-element elementor-element-ccf41f5 elementor-section-content-middle elementor-section-boxed elementor-section-height-default elementor-section-height-default wpr-particle-no wpr-jarallax-no wpr-parallax-no wpr-sticky-section-no\" data-id=\"ccf41f5\" data-element_type=\"section\">\n\t\t\t\t\t\t<div class=\"elementor-container elementor-column-gap-default\">\n\t\t\t\t\t<div class=\"elementor-column elementor-col-100 elementor-top-column elementor-element elementor-element-ddce99a\" data-id=\"ddce99a\" data-element_type=\"column\">\n\t\t\t<div class=\"elementor-widget-wrap elementor-element-populated\">\n\t\t\t\t\t\t<div class=\"elementor-element elementor-element-9ec0ef1 elementor-widget elementor-widget-heading\" data-id=\"9ec0ef1\" data-element_type=\"widget\" data-widget_type=\"heading.default\">\n\t\t\t\t<div class=\"elementor-widget-container\">\n\t\t\t\t\t<h1 class=\"elementor-heading-title elementor-size-default\">CERAMIN\u00ae \u2013 zr\u00f3wnowa\u017cone pod\u0142ogi do ka\u017cdego projektu<\/h1>\t\t\t\t<\/div>\n\t\t\t\t<\/div>\n\t\t\t\t<div class=\"elementor-element elementor-element-03377b0 elementor-widget elementor-widget-text-editor\" data-id=\"03377b0\" data-element_type=\"widget\" data-widget_type=\"text-editor.default\">\n\t\t\t\t<div class=\"elementor-widget-container\">\n\t\t\t\t\t\t\t\t\t<p>CERAMIN\u00ae oferuje wszechstronne, wolne od PVC rozwi\u0105zania pod\u0142ogowe dla specjalist\u00f3w, architekt\u00f3w, deweloper\u00f3w i bran\u017cy wyposa\u017cenia wn\u0119trz. Niezale\u017cnie od tego, czy chodzi o remont, czy now\u0105 budow\u0119 \u2013 nasze zr\u00f3wnowa\u017cone pod\u0142ogi zachwycaj\u0105 designem, trwa\u0142o\u015bci\u0105 i \u0142atwo\u015bci\u0105 monta\u017cu.<\/p>\t\t\t\t\t\t\t\t<\/div>\n\t\t\t\t<\/div>\n\t\t\t\t\t<\/div>\n\t\t<\/div>\n\t\t\t\t\t<\/div>\n\t\t<\/section>\n\t\t\t\t<section class=\"elementor-section elementor-top-section elementor-element elementor-element-59b68d2 elementor-section-boxed elementor-section-height-default elementor-section-height-default wpr-particle-no wpr-jarallax-no wpr-parallax-no wpr-sticky-section-no\" data-id=\"59b68d2\" data-element_type=\"section\">\n\t\t\t\t\t\t<div class=\"elementor-container elementor-column-gap-default\">\n\t\t\t\t\t<div class=\"elementor-column elementor-col-33 elementor-top-column elementor-element elementor-element-6bf72af\" data-id=\"6bf72af\" data-element_type=\"column\" data-settings=\"{&quot;background_background&quot;:&quot;classic&quot;}\">\n\t\t\t<div class=\"elementor-widget-wrap elementor-element-populated\">\n\t\t\t\t\t\t<div class=\"elementor-element elementor-element-6badd8f wpr-promo-box-style-cover elementor-widget elementor-widget-wpr-promo-box\" data-id=\"6badd8f\" data-element_type=\"widget\" data-widget_type=\"wpr-promo-box.default\">\n\t\t\t\t<div class=\"elementor-widget-container\">\n\t\t\t\t\t\n\t\t<div class=\"wpr-promo-box wpr-animation-wrap\">\n\n\t\t\t\t\t\t\t\n\t\t\t\t\t\t\t<div class=\"wpr-promo-box-image\">\n\t\t\t\t\t<div class=\"wpr-promo-box-bg-image wpr-bg-anim-zoom-in wpr-anim-timing-ease-default\" style=\"background-image:url(https:\/\/ceramin.de\/wp-content\/uploads\/ceramin-bautraeger-banner-1024x582-1.png);\"><\/div>\n\t\t\t\t\t<div class=\"wpr-promo-box-bg-overlay wpr-border-anim-none\"><\/div>\n\t\t\t\t<\/div>\n\t\t\t\t\t\t\n\t\t\t<div class=\"wpr-promo-box-content\">\n\n\t\t\t\t\t\t\t\t<div class=\"wpr-promo-box-icon\">\n\t\t\t\t\t\t\t\t\t<\/div>\n\t\t\t\t\n\t\t\t\t<h3 class=\"wpr-promo-box-title\"><span>Rynek specjalistyczny<\/span><\/h3>\n\t\t\t\t\t\t\t\t\t<div class=\"wpr-promo-box-description\">\n\t\t\t\t\t\t<p><p>Jako specjalista skorzystasz z rosn\u0105cego popytu na zr\u00f3wnowa\u017cone, wolne od PVC pod\u0142ogi. Dzi\u0119ki CERAMIN\u00ae poszerzysz swoj\u0105 ofert\u0119 o wysokiej jako\u015bci, trwa\u0142e i nadaj\u0105ce si\u0119 do recyklingu produkty \u2013 Made in Germany.<\/p><\/p>\t\n\t\t\t\t\t<\/div>\t\t\t\t\t\t\n\t\t\t\t\n\t\t\t\t\t\t\t\t\t<div class=\"wpr-promo-box-btn-wrap\">\n\t\t\t\t\t\t<a class=\"wpr-promo-box-btn\" href=\"https:\/\/ceramin.de\/pl\/segmenty-2\/sprzedawca-detaliczny-2\/\">\n\n\t\t\t\t\t\t\t\t\t\t\t\t\t\t<span class=\"wpr-promo-box-btn-text\">Do zakresu stosowania<\/span>\t\t\n\t\t\t\t\t\t\t\n\t\t\t\t\t\t\t\t\t\t\t\t\t<\/a>\n\t\t\t\t\t<\/div>\t\n\t\t\t\t\t\t\t<\/div>\n\n\t\t\t\t\t<\/div>\n\n\t\t\t\t\t\t<\/div>\n\t\t\t\t<\/div>\n\t\t\t\t\t<\/div>\n\t\t<\/div>\n\t\t\t\t<div class=\"elementor-column elementor-col-33 elementor-top-column elementor-element elementor-element-d8f153c\" data-id=\"d8f153c\" data-element_type=\"column\">\n\t\t\t<div class=\"elementor-widget-wrap elementor-element-populated\">\n\t\t\t\t\t\t<div class=\"elementor-element elementor-element-1d151a6 wpr-promo-box-style-cover elementor-widget elementor-widget-wpr-promo-box\" data-id=\"1d151a6\" data-element_type=\"widget\" data-widget_type=\"wpr-promo-box.default\">\n\t\t\t\t<div class=\"elementor-widget-container\">\n\t\t\t\t\t\n\t\t<div class=\"wpr-promo-box wpr-animation-wrap\">\n\n\t\t\t\t\t\t\t\n\t\t\t\t\t\t\t<div class=\"wpr-promo-box-image\">\n\t\t\t\t\t<div class=\"wpr-promo-box-bg-image wpr-bg-anim-zoom-in wpr-anim-timing-ease-default\" style=\"background-image:url(https:\/\/ceramin.de\/wp-content\/uploads\/ceramin-referenz-schlafzimmer-4.png);\"><\/div>\n\t\t\t\t\t<div class=\"wpr-promo-box-bg-overlay wpr-border-anim-none\"><\/div>\n\t\t\t\t<\/div>\n\t\t\t\t\t\t\n\t\t\t<div class=\"wpr-promo-box-content\">\n\n\t\t\t\t\t\t\t\t<div class=\"wpr-promo-box-icon\">\n\t\t\t\t\t\t\t\t\t<\/div>\n\t\t\t\t\n\t\t\t\t<h3 class=\"wpr-promo-box-title\"><span>Dla architekt\u00f3w<\/span><\/h3>\n\t\t\t\t\t\t\t\t\t<div class=\"wpr-promo-box-description\">\n\t\t\t\t\t\t<p><p>CERAMIN\u00ae wspiera architekt\u00f3w w planowaniu nowoczesnych, bezpiecznych budynk\u00f3w. Nasze produkty wolne od PVC \u0142\u0105cz\u0105 design, funkcjonalno\u015b\u0107 i \u015bwiadomo\u015b\u0107 ekologiczn\u0105 \u2013 idealne dla wymagaj\u0105cych projekt\u00f3w budowlanych.<\/p><\/p>\t\n\t\t\t\t\t<\/div>\t\t\t\t\t\t\n\t\t\t\t\n\t\t\t\t\t\t\t\t\t<div class=\"wpr-promo-box-btn-wrap\">\n\t\t\t\t\t\t<a class=\"wpr-promo-box-btn\" href=\"https:\/\/ceramin.de\/pl\/segmenty-2\/architekci-2\/\">\n\n\t\t\t\t\t\t\t\t\t\t\t\t\t\t<span class=\"wpr-promo-box-btn-text\">Do zakresu stosowania<\/span>\t\t\n\t\t\t\t\t\t\t\n\t\t\t\t\t\t\t\t\t\t\t\t\t<\/a>\n\t\t\t\t\t<\/div>\t\n\t\t\t\t\t\t\t<\/div>\n\n\t\t\t\t\t<\/div>\n\n\t\t\t\t\t\t<\/div>\n\t\t\t\t<\/div>\n\t\t\t\t\t<\/div>\n\t\t<\/div>\n\t\t\t\t<div class=\"elementor-column elementor-col-33 elementor-top-column elementor-element elementor-element-f573a5f\" data-id=\"f573a5f\" data-element_type=\"column\">\n\t\t\t<div class=\"elementor-widget-wrap elementor-element-populated\">\n\t\t\t\t\t\t<div class=\"elementor-element elementor-element-3536eda wpr-promo-box-style-cover elementor-widget elementor-widget-wpr-promo-box\" data-id=\"3536eda\" data-element_type=\"widget\" data-widget_type=\"wpr-promo-box.default\">\n\t\t\t\t<div class=\"elementor-widget-container\">\n\t\t\t\t\t\n\t\t<div class=\"wpr-promo-box wpr-animation-wrap\">\n\n\t\t\t\t\t\t\t\n\t\t\t\t\t\t\t<div class=\"wpr-promo-box-image\">\n\t\t\t\t\t<div class=\"wpr-promo-box-bg-image wpr-bg-anim-zoom-in wpr-anim-timing-ease-default\" style=\"background-image:url(https:\/\/ceramin.de\/wp-content\/uploads\/flur_beiger_fliesenboden.jpeg);\"><\/div>\n\t\t\t\t\t<div class=\"wpr-promo-box-bg-overlay wpr-border-anim-none\"><\/div>\n\t\t\t\t<\/div>\n\t\t\t\t\t\t\n\t\t\t<div class=\"wpr-promo-box-content\">\n\n\t\t\t\t\t\t\t\t<div class=\"wpr-promo-box-icon\">\n\t\t\t\t\t\t\t\t\t<\/div>\n\t\t\t\t\n\t\t\t\t<h3 class=\"wpr-promo-box-title\"><span>Deweloper<\/span><\/h3>\n\t\t\t\t\t\t\t\t\t<div class=\"wpr-promo-box-description\">\n\t\t\t\t\t\t<p><p>Dla deweloper\u00f3w CERAMIN\u00ae oferuje trwa\u0142e, ekonomiczne i ekologiczne rozwi\u0105zania pod\u0142ogowe. Wodoodporne, niskoemisyjne pod\u0142ogi idealnie nadaj\u0105 si\u0119 do projekt\u00f3w nowych i remontowych w budynkach mieszkalnych i komercyjnych.<\/p><\/p>\t\n\t\t\t\t\t<\/div>\t\t\t\t\t\t\n\t\t\t\t\n\t\t\t\t\t\t\t\t\t<div class=\"wpr-promo-box-btn-wrap\">\n\t\t\t\t\t\t<a class=\"wpr-promo-box-btn\" href=\"https:\/\/ceramin.de\/pl\/segmenty-2\/deweloper-2\/\">\n\n\t\t\t\t\t\t\t\t\t\t\t\t\t\t<span class=\"wpr-promo-box-btn-text\">Do zakresu stosowania<\/span>\t\t\n\t\t\t\t\t\t\t\n\t\t\t\t\t\t\t\t\t\t\t\t\t<\/a>\n\t\t\t\t\t<\/div>\t\n\t\t\t\t\t\t\t<\/div>\n\n\t\t\t\t\t<\/div>\n\n\t\t\t\t\t\t<\/div>\n\t\t\t\t<\/div>\n\t\t\t\t\t<\/div>\n\t\t<\/div>\n\t\t\t\t\t<\/div>\n\t\t<\/section>\n\t\t\t\t<section class=\"elementor-section elementor-top-section elementor-element elementor-element-8574d46 elementor-section-boxed elementor-section-height-default elementor-section-height-default wpr-particle-no wpr-jarallax-no wpr-parallax-no wpr-sticky-section-no\" data-id=\"8574d46\" data-element_type=\"section\">\n\t\t\t\t\t\t<div class=\"elementor-container elementor-column-gap-default\">\n\t\t\t\t\t<div class=\"elementor-column elementor-col-33 elementor-top-column elementor-element elementor-element-d557eba\" data-id=\"d557eba\" data-element_type=\"column\">\n\t\t\t<div class=\"elementor-widget-wrap elementor-element-populated\">\n\t\t\t\t\t\t<div class=\"elementor-element elementor-element-aa33c9f wpr-promo-box-style-cover elementor-widget elementor-widget-wpr-promo-box\" data-id=\"aa33c9f\" data-element_type=\"widget\" data-widget_type=\"wpr-promo-box.default\">\n\t\t\t\t<div class=\"elementor-widget-container\">\n\t\t\t\t\t\n\t\t<div class=\"wpr-promo-box wpr-animation-wrap\">\n\n\t\t\t\t\t\t\t\n\t\t\t\t\t\t\t<div class=\"wpr-promo-box-image\">\n\t\t\t\t\t<div class=\"wpr-promo-box-bg-image wpr-bg-anim-zoom-in wpr-anim-timing-ease-default\" style=\"background-image:url(https:\/\/ceramin.de\/wp-content\/uploads\/ceramin-referenz-arzt-2.png);\"><\/div>\n\t\t\t\t\t<div class=\"wpr-promo-box-bg-overlay wpr-border-anim-none\"><\/div>\n\t\t\t\t<\/div>\n\t\t\t\t\t\t\n\t\t\t<div class=\"wpr-promo-box-content\">\n\n\t\t\t\t\t\t\t\t<div class=\"wpr-promo-box-icon\">\n\t\t\t\t\t\t\t\t\t<\/div>\n\t\t\t\t\n\t\t\t\t<h3 class=\"wpr-promo-box-title\"><span>Wyposa\u017cenie sklep\u00f3w<\/span><\/h3>\n\t\t\t\t\t\t\t\t\t<div class=\"wpr-promo-box-description\">\n\t\t\t\t\t\t<p><div class=\"col-12 col-md-5 col-xl-5 mb-lg-0 py-5 py-md-6\"><div class=\"lc-block mb-3 mb-md-5 lh-1\">W przestrzeniach komercyjnych pod\u0142ogi CERAMIN\u00ae przekonuj\u0105 trwa\u0142o\u015bci\u0105, \u0142atwo\u015bci\u0105 piel\u0119gnacji i r\u00f3\u017cnorodno\u015bci\u0105 wzor\u00f3w. Doskonale sprawdzaj\u0105 si\u0119 na intensywnie u\u017cytkowanych powierzchniach sprzeda\u017cowych \u2013 s\u0105 jednocze\u015bnie estetyczne, ekologiczne i odporne na codzienne obci\u0105\u017cenia<\/div><\/div><\/p>\t\n\t\t\t\t\t<\/div>\t\t\t\t\t\t\n\t\t\t\t\n\t\t\t\t\t\t\t\t\t<div class=\"wpr-promo-box-btn-wrap\">\n\t\t\t\t\t\t<a class=\"wpr-promo-box-btn\" href=\"https:\/\/ceramin.de\/pl\/segmenty-2\/wyposazenie-sklepow-2\/\">\n\n\t\t\t\t\t\t\t\t\t\t\t\t\t\t<span class=\"wpr-promo-box-btn-text\">Do zakresu stosowania<\/span>\t\t\n\t\t\t\t\t\t\t\n\t\t\t\t\t\t\t\t\t\t\t\t\t<\/a>\n\t\t\t\t\t<\/div>\t\n\t\t\t\t\t\t\t<\/div>\n\n\t\t\t\t\t<\/div>\n\n\t\t\t\t\t\t<\/div>\n\t\t\t\t<\/div>\n\t\t\t\t\t<\/div>\n\t\t<\/div>\n\t\t\t\t<div class=\"elementor-column elementor-col-33 elementor-top-column elementor-element elementor-element-bc71d38\" data-id=\"bc71d38\" data-element_type=\"column\">\n\t\t\t<div class=\"elementor-widget-wrap elementor-element-populated\">\n\t\t\t\t\t\t<div class=\"elementor-element elementor-element-391a245 wpr-promo-box-style-cover elementor-widget elementor-widget-wpr-promo-box\" data-id=\"391a245\" data-element_type=\"widget\" data-widget_type=\"wpr-promo-box.default\">\n\t\t\t\t<div class=\"elementor-widget-container\">\n\t\t\t\t\t\n\t\t<div class=\"wpr-promo-box wpr-animation-wrap\">\n\n\t\t\t\t\t\t\t\n\t\t\t\t\t\t\t<div class=\"wpr-promo-box-image\">\n\t\t\t\t\t<div class=\"wpr-promo-box-bg-image wpr-bg-anim-zoom-in wpr-anim-timing-ease-default\" style=\"background-image:url(https:\/\/ceramin.de\/wp-content\/uploads\/badezimmer_ceramin_nachher.jpg);\"><\/div>\n\t\t\t\t\t<div class=\"wpr-promo-box-bg-overlay wpr-border-anim-none\"><\/div>\n\t\t\t\t<\/div>\n\t\t\t\t\t\t\n\t\t\t<div class=\"wpr-promo-box-content\">\n\n\t\t\t\t\t\t\t\t<div class=\"wpr-promo-box-icon\">\n\t\t\t\t\t\t\t\t\t<\/div>\n\t\t\t\t\n\t\t\t\t<h3 class=\"wpr-promo-box-title\"><span>Renowacja<\/span><\/h3>\n\t\t\t\t\t\t\t\t\t<div class=\"wpr-promo-box-description\">\n\t\t\t\t\t\t<p><p>CERAMIN\u00ae to idealne rozwi\u0105zanie do renowacji: cienkie, lekkie i \u0142atwe w monta\u017cu \u2013 mo\u017cna je uk\u0142ada\u0107 bezpo\u015brednio na istniej\u0105cych powierzchniach. Dzi\u0119ki temu odnowisz pomieszczenia szybko, czysto i w spos\u00f3b zr\u00f3wnowa\u017cony, ca\u0142kowicie bez PVC i plastyfikator\u00f3w.<\/p><\/p>\t\n\t\t\t\t\t<\/div>\t\t\t\t\t\t\n\t\t\t\t\n\t\t\t\t\t\t\t\t\t<div class=\"wpr-promo-box-btn-wrap\">\n\t\t\t\t\t\t<a class=\"wpr-promo-box-btn\" href=\"https:\/\/ceramin.de\/pl\/segmenty-2\/renowacja-2\/\">\n\n\t\t\t\t\t\t\t\t\t\t\t\t\t\t<span class=\"wpr-promo-box-btn-text\">Do zakresu stosowania<\/span>\t\t\n\t\t\t\t\t\t\t\n\t\t\t\t\t\t\t\t\t\t\t\t\t<\/a>\n\t\t\t\t\t<\/div>\t\n\t\t\t\t\t\t\t<\/div>\n\n\t\t\t\t\t<\/div>\n\n\t\t\t\t\t\t<\/div>\n\t\t\t\t<\/div>\n\t\t\t\t\t<\/div>\n\t\t<\/div>\n\t\t\t\t<div class=\"elementor-column elementor-col-33 elementor-top-column elementor-element elementor-element-a120d24\" data-id=\"a120d24\" data-element_type=\"column\">\n\t\t\t<div class=\"elementor-widget-wrap\">\n\t\t\t\t\t\t\t<\/div>\n\t\t<\/div>\n\t\t\t\t\t<\/div>\n\t\t<\/section>\n\t\t\t\t<\/div>","protected":false},"excerpt":{"rendered":"<p>CERAMIN\u00ae Anwendungsbereiche \u2013 nachhaltige B\u00f6den f\u00fcr jedes Projekt CERAMIN\u00ae bietet vielseitige, PVC-freie Bodenl\u00f6sungen f\u00fcr Fachh\u00e4ndler, Architekt:innen, Bautr\u00e4ger und den Ladenbau. Ob Sanierung oder Neubau \u2013 unsere nachhaltigen Bodenbel\u00e4ge \u00fcberzeugen durch Design, Langlebigkeit und einfache Verarbeitung. F\u00fcr Fachh\u00e4ndler Als Fachh\u00e4ndler profitieren Sie von der steigenden Nachfrage nach nachhaltigen, PVC-freien Bodenbel\u00e4gen. Mit CERAMIN\u00ae erweitern Sie Ihr Sortiment um hochwertige, langlebige und recyclingf\u00e4hige Produkte \u2013 Made in Germany. Zum Anwendungsbereich F\u00fcr Architekt*innen CERAMIN\u00ae unterst\u00fctzt Architekt*innen bei der Planung moderner, nachhaltiger Geb\u00e4ude. Unsere wohngesunden, PVC-freien Bodenbel\u00e4ge verbinden Design, Funktionalit\u00e4t und Umweltbewusstsein \u2013 ideal f\u00fcr anspruchsvolle Bauprojekte. Zum Anwendungsbereich F\u00fcr Bautr\u00e4ger F\u00fcr Bautr\u00e4ger bietet CERAMIN\u00ae eine langlebige, wirtschaftliche und \u00f6kologische Bodenl\u00f6sung. Die wasserfesten, emissionsarmen Bel\u00e4ge sind perfekt f\u00fcr Neubau- und Sanierungsprojekte im Wohn- und Objektbereich. Zum Anwendungsbereich Ladenbau Im Ladenbau \u00fcberzeugen CERAMIN\u00ae B\u00f6den durch Robustheit, Pflegeleichtigkeit und Designvielfalt. Sie eignen sich ideal f\u00fcr stark frequentierte Verkaufsfl\u00e4chen \u2013 \u00e4sthetisch, nachhaltig und strapazierf\u00e4hig zugleich. Zum Anwendungsbereich Renovierung &amp; Sanierung CERAMIN\u00ae ist die ideale L\u00f6sung f\u00fcr Renovierungen: d\u00fcnn, leicht und einfach zu verlegen \u2013 direkt auf bestehende Untergr\u00fcnde. So modernisieren Sie R\u00e4ume schnell, sauber und nachhaltig, ganz ohne PVC oder Weichmacher. Zum Anwendungsbereich<\/p>","protected":false},"author":2,"featured_media":0,"parent":0,"menu_order":18,"comment_status":"closed","ping_status":"closed","template":"elementor_header_footer","meta":{"_acf_changed":false,"content-type":"","footnotes":""},"class_list":["post-86","page","type-page","status-publish","hentry"],"acf":[],"yoast_head":"<!-- This site is optimized with the Yoast SEO Premium plugin v26.5 (Yoast SEO v26.5) - https:\/\/yoast.com\/wordpress\/plugins\/seo\/ -->\n<title>Anwendungsbereiche<\/title>\n<meta name=\"description\" content=\"Ob Handel, Architektur oder Renovierung \u2013 CERAMIN\u00ae bietet PVC-freie, nachhaltige Bodenbel\u00e4ge f\u00fcr jede Anwendung.\" \/>\n<meta name=\"robots\" content=\"index, follow, max-snippet:-1, max-image-preview:large, max-video-preview:-1\" \/>\n<link rel=\"canonical\" href=\"https:\/\/ceramin.de\/pl\/segmenty-2\/\" \/>\n<meta property=\"og:locale\" content=\"pl_PL\" \/>\n<meta property=\"og:type\" content=\"article\" \/>\n<meta property=\"og:title\" content=\"Anwendungsbereiche\" \/>\n<meta property=\"og:description\" content=\"Ob Handel, Architektur oder Renovierung \u2013 CERAMIN\u00ae bietet PVC-freie, nachhaltige Bodenbel\u00e4ge f\u00fcr jede Anwendung.\" \/>\n<meta property=\"og:url\" content=\"https:\/\/ceramin.de\/pl\/segmenty-2\/\" \/>\n<meta property=\"og:site_name\" content=\"CERAMIN\" \/>\n<meta property=\"article:modified_time\" content=\"2025-11-07T11:24:16+00:00\" \/>\n<meta name=\"twitter:card\" content=\"summary_large_image\" \/>\n<meta name=\"twitter:label1\" content=\"Szacowany czas czytania\" \/>\n\t<meta name=\"twitter:data1\" content=\"1 minuta\" \/>\n<script type=\"application\/ld+json\" class=\"yoast-schema-graph\">{\"@context\":\"https:\/\/schema.org\",\"@graph\":[{\"@type\":\"WebPage\",\"@id\":\"https:\/\/ceramin.de\/anwendungsbereiche\/\",\"url\":\"https:\/\/ceramin.de\/anwendungsbereiche\/\",\"name\":\"Anwendungsbereiche\",\"isPartOf\":{\"@id\":\"https:\/\/ceramin.de\/#website\"},\"datePublished\":\"2022-07-27T11:33:17+00:00\",\"dateModified\":\"2025-11-07T11:24:16+00:00\",\"description\":\"Ob Handel, Architektur oder Renovierung \u2013 CERAMIN\u00ae bietet PVC-freie, nachhaltige Bodenbel\u00e4ge f\u00fcr jede Anwendung.\",\"breadcrumb\":{\"@id\":\"https:\/\/ceramin.de\/anwendungsbereiche\/#breadcrumb\"},\"inLanguage\":\"pl-PL\",\"potentialAction\":[{\"@type\":\"ReadAction\",\"target\":[\"https:\/\/ceramin.de\/anwendungsbereiche\/\"]}]},{\"@type\":\"BreadcrumbList\",\"@id\":\"https:\/\/ceramin.de\/anwendungsbereiche\/#breadcrumb\",\"itemListElement\":[{\"@type\":\"ListItem\",\"position\":1,\"name\":\"Home\",\"item\":\"https:\/\/ceramin.de\/\"},{\"@type\":\"ListItem\",\"position\":2,\"name\":\"Anwendungsbereiche\"}]},{\"@type\":\"WebSite\",\"@id\":\"https:\/\/ceramin.de\/#website\",\"url\":\"https:\/\/ceramin.de\/\",\"name\":\"CERAMIN\",\"description\":\"PVC-freie Wand- und Bodenbel\u00e4ge\",\"publisher\":{\"@id\":\"https:\/\/ceramin.de\/#organization\"},\"potentialAction\":[{\"@type\":\"SearchAction\",\"target\":{\"@type\":\"EntryPoint\",\"urlTemplate\":\"https:\/\/ceramin.de\/?s={search_term_string}\"},\"query-input\":{\"@type\":\"PropertyValueSpecification\",\"valueRequired\":true,\"valueName\":\"search_term_string\"}}],\"inLanguage\":\"pl-PL\"},{\"@type\":\"Organization\",\"@id\":\"https:\/\/ceramin.de\/#organization\",\"name\":\"CERAMIN\",\"url\":\"https:\/\/ceramin.de\/\",\"logo\":{\"@type\":\"ImageObject\",\"inLanguage\":\"pl-PL\",\"@id\":\"https:\/\/ceramin.de\/#\/schema\/logo\/image\/\",\"url\":\"https:\/\/ceramin.de\/wp-content\/uploads\/cropped-cropped-cropped-cropped-CERAMIN-Wortmarke_2022_Zeichenfla\u0308che-1-1024x245-1.png\",\"contentUrl\":\"https:\/\/ceramin.de\/wp-content\/uploads\/cropped-cropped-cropped-cropped-CERAMIN-Wortmarke_2022_Zeichenfla\u0308che-1-1024x245-1.png\",\"width\":1024,\"height\":245,\"caption\":\"CERAMIN\"},\"image\":{\"@id\":\"https:\/\/ceramin.de\/#\/schema\/logo\/image\/\"}}]}<\/script>\n<!-- \/ Yoast SEO Premium plugin. -->","yoast_head_json":{"title":"Obszar zastosowania","description":"Ob Handel, Architektur oder Renovierung \u2013 CERAMIN\u00ae bietet PVC-freie, nachhaltige Bodenbel\u00e4ge f\u00fcr jede Anwendung.","robots":{"index":"index","follow":"follow","max-snippet":"max-snippet:-1","max-image-preview":"max-image-preview:large","max-video-preview":"max-video-preview:-1"},"canonical":"https:\/\/ceramin.de\/pl\/segmenty-2\/","og_locale":"pl_PL","og_type":"article","og_title":"Anwendungsbereiche","og_description":"Ob Handel, Architektur oder Renovierung \u2013 CERAMIN\u00ae bietet PVC-freie, nachhaltige Bodenbel\u00e4ge f\u00fcr jede Anwendung.","og_url":"https:\/\/ceramin.de\/pl\/segmenty-2\/","og_site_name":"CERAMIN","article_modified_time":"2025-11-07T11:24:16+00:00","twitter_card":"summary_large_image","twitter_misc":{"Szacowany czas czytania":"1 minuta"},"schema":{"@context":"https:\/\/schema.org","@graph":[{"@type":"WebPage","@id":"https:\/\/ceramin.de\/anwendungsbereiche\/","url":"https:\/\/ceramin.de\/anwendungsbereiche\/","name":"Obszar zastosowania","isPartOf":{"@id":"https:\/\/ceramin.de\/#website"},"datePublished":"2022-07-27T11:33:17+00:00","dateModified":"2025-11-07T11:24:16+00:00","description":"Ob Handel, Architektur oder Renovierung \u2013 CERAMIN\u00ae bietet PVC-freie, nachhaltige Bodenbel\u00e4ge f\u00fcr jede Anwendung.","breadcrumb":{"@id":"https:\/\/ceramin.de\/anwendungsbereiche\/#breadcrumb"},"inLanguage":"pl-PL","potentialAction":[{"@type":"ReadAction","target":["https:\/\/ceramin.de\/anwendungsbereiche\/"]}]},{"@type":"BreadcrumbList","@id":"https:\/\/ceramin.de\/anwendungsbereiche\/#breadcrumb","itemListElement":[{"@type":"ListItem","position":1,"name":"Home","item":"https:\/\/ceramin.de\/"},{"@type":"ListItem","position":2,"name":"Anwendungsbereiche"}]},{"@type":"WebSite","@id":"https:\/\/ceramin.de\/#website","url":"https:\/\/ceramin.de\/","name":"CERAMIN","description":"PVC-freie Wand- und Bodenbel\u00e4ge","publisher":{"@id":"https:\/\/ceramin.de\/#organization"},"potentialAction":[{"@type":"SearchAction","target":{"@type":"EntryPoint","urlTemplate":"https:\/\/ceramin.de\/?s={search_term_string}"},"query-input":{"@type":"PropertyValueSpecification","valueRequired":true,"valueName":"search_term_string"}}],"inLanguage":"pl-PL"},{"@type":"Organization","@id":"https:\/\/ceramin.de\/#organization","name":"CERAMIN","url":"https:\/\/ceramin.de\/","logo":{"@type":"ImageObject","inLanguage":"pl-PL","@id":"https:\/\/ceramin.de\/#\/schema\/logo\/image\/","url":"https:\/\/ceramin.de\/wp-content\/uploads\/cropped-cropped-cropped-cropped-CERAMIN-Wortmarke_2022_Zeichenfla\u0308che-1-1024x245-1.png","contentUrl":"https:\/\/ceramin.de\/wp-content\/uploads\/cropped-cropped-cropped-cropped-CERAMIN-Wortmarke_2022_Zeichenfla\u0308che-1-1024x245-1.png","width":1024,"height":245,"caption":"CERAMIN"},"image":{"@id":"https:\/\/ceramin.de\/#\/schema\/logo\/image\/"}}]}},"_links":{"self":[{"href":"https:\/\/ceramin.de\/pl\/wp-json\/wp\/v2\/pages\/86","targetHints":{"allow":["GET"]}}],"collection":[{"href":"https:\/\/ceramin.de\/pl\/wp-json\/wp\/v2\/pages"}],"about":[{"href":"https:\/\/ceramin.de\/pl\/wp-json\/wp\/v2\/types\/page"}],"author":[{"embeddable":true,"href":"https:\/\/ceramin.de\/pl\/wp-json\/wp\/v2\/users\/2"}],"replies":[{"embeddable":true,"href":"https:\/\/ceramin.de\/pl\/wp-json\/wp\/v2\/comments?post=86"}],"version-history":[{"count":36,"href":"https:\/\/ceramin.de\/pl\/wp-json\/wp\/v2\/pages\/86\/revisions"}],"predecessor-version":[{"id":9210,"href":"https:\/\/ceramin.de\/pl\/wp-json\/wp\/v2\/pages\/86\/revisions\/9210"}],"wp:attachment":[{"href":"https:\/\/ceramin.de\/pl\/wp-json\/wp\/v2\/media?parent=86"}],"curies":[{"name":"wp","href":"https:\/\/api.w.org\/{rel}","templated":true}]}}